{"id":1076,"date":"2021-05-17T10:17:59","date_gmt":"2021-05-17T08:17:59","guid":{"rendered":"https:\/\/www.millebuis.fr\/?page_id=1076"},"modified":"2021-05-31T14:46:27","modified_gmt":"2021-05-31T12:46:27","slug":"oenotourisme","status":"publish","type":"page","link":"https:\/\/www.millebuis.fr\/en\/oenotourisme\/","title":{"rendered":"Wine tourism"},"content":{"rendered":"<div class=\"wpb-content-wrapper\"><div class=\"vc_row wpb_row vc_row-fluid\"><div class=\"wpb_column vc_column_container vc_col-sm-12\"><div class=\"vc_column-inner\"><div class=\"wpb_wrapper\"><h2 style=\"text-align: left;font-family:Abril Fatface;font-weight:400;font-style:normal\" class=\"vc_custom_heading vc_do_custom_heading\" >\u0152NOTOURISME<\/h2>\n\t<div  class=\"wpb_single_image wpb_content_element vc_align_left wpb_content_element\">\n\t\t\n\t\t<figure class=\"wpb_wrapper vc_figure\">\n\t\t\t<div class=\"vc_single_image-wrapper   vc_box_border_grey\"><img loading=\"lazy\" decoding=\"async\" width=\"1920\" height=\"1080\" src=\"https:\/\/www.millebuis.fr\/wp-content\/uploads\/2021\/05\/les_balades_application_mobile_millebuis.jpg\" class=\"vc_single_image-img attachment-full\" alt=\"\" title=\"les_balades_application_mobile_millebuis\" srcset=\"https:\/\/www.millebuis.fr\/wp-content\/uploads\/2021\/05\/les_balades_application_mobile_millebuis.jpg 1920w, https:\/\/www.millebuis.fr\/wp-content\/uploads\/2021\/05\/les_balades_application_mobile_millebuis-300x169.jpg 300w, https:\/\/www.millebuis.fr\/wp-content\/uploads\/2021\/05\/les_balades_application_mobile_millebuis-1024x576.jpg 1024w, https:\/\/www.millebuis.fr\/wp-content\/uploads\/2021\/05\/les_balades_application_mobile_millebuis-768x432.jpg 768w, https:\/\/www.millebuis.fr\/wp-content\/uploads\/2021\/05\/les_balades_application_mobile_millebuis-1536x864.jpg 1536w\" sizes=\"auto, (max-width: 1920px) 100vw, 1920px\" \/><\/div>\n\t\t<\/figure>\n\t<\/div>\n<\/div><\/div><\/div><\/div><div class=\"vc_row wpb_row vc_row-fluid vc_row-o-equal-height vc_row-o-content-middle vc_row-flex\"><div class=\"wpb_column vc_column_container vc_col-sm-3\"><div class=\"vc_column-inner\"><div class=\"wpb_wrapper\"><style>.vc_btn3-style-gradient-custom.vc_btn-gradient-btn-69e115bf79051:hover{color: #ffffff;background-color: #c33e4b;border: none;background-position: 100% 0;}<\/style><style>.vc_btn3-style-gradient-custom.vc_btn-gradient-btn-69e115bf79051{color: #ffffff;border: none;background-color: #c33e4b;background-image: -webkit-linear-gradient(left, #c33e4b 0%, #c33e4b 50%,#c33e4b 100%);background-image: linear-gradient(to right, #c33e4b 0%, #c33e4b 50%,#c33e4b 100%);-webkit-transition: all .2s ease-in-out;transition: all .2s ease-in-out;background-size: 200% 100%;}<\/style><div class=\"vc_btn3-container vc_btn3-center vc_do_btn\" ><a data-vc-gradient-1=\"#c33e4b\" data-vc-gradient-2=\"#c33e4b\" class=\"vc_general vc_btn3 vc_btn3-size-md vc_btn3-shape-square vc_btn3-style-gradient-custom vc_btn3-block vc_btn-gradient-btn-69e115bf79051\" href=\"https:\/\/www.millebuis.fr\/en\/oenotourisme\/visites-et-degustation\/\" title=\"Visit &amp; wine tasting\">Visit &amp; wine tasting<\/a><\/div><\/div><\/div><\/div><div class=\"wpb_column vc_column_container vc_col-sm-3\"><div class=\"vc_column-inner\"><div class=\"wpb_wrapper\"><style>.vc_btn3-style-gradient-custom.vc_btn-gradient-btn-69e115bf792d2:hover{color: #ffffff;background-color: #c33e4b;border: none;background-position: 100% 0;}<\/style><style>.vc_btn3-style-gradient-custom.vc_btn-gradient-btn-69e115bf792d2{color: #ffffff;border: none;background-color: #c33e4b;background-image: -webkit-linear-gradient(left, #c33e4b 0%, #c33e4b 50%,#c33e4b 100%);background-image: linear-gradient(to right, #c33e4b 0%, #c33e4b 50%,#c33e4b 100%);-webkit-transition: all .2s ease-in-out;transition: all .2s ease-in-out;background-size: 200% 100%;}<\/style><div class=\"vc_btn3-container vc_btn3-center vc_do_btn\" ><a data-vc-gradient-1=\"#c33e4b\" data-vc-gradient-2=\"#c33e4b\" class=\"vc_general vc_btn3 vc_btn3-size-md vc_btn3-shape-square vc_btn3-style-gradient-custom vc_btn3-block vc_btn-gradient-btn-69e115bf792d2\" href=\"https:\/\/www.millebuis.fr\/en\/oenotourisme\/application-mobile\/\" title=\"The Millebuis app\">The Millebuis app<\/a><\/div><\/div><\/div><\/div><div class=\"wpb_column vc_column_container vc_col-sm-3\"><div class=\"vc_column-inner\"><div class=\"wpb_wrapper\"><style>.vc_btn3-style-gradient-custom.vc_btn-gradient-btn-69e115bf7953a:hover{color: #ffffff;background-color: #c33e4b;border: none;background-position: 100% 0;}<\/style><style>.vc_btn3-style-gradient-custom.vc_btn-gradient-btn-69e115bf7953a{color: #ffffff;border: none;background-color: #c33e4b;background-image: -webkit-linear-gradient(left, #c33e4b 0%, #c33e4b 50%,#c33e4b 100%);background-image: linear-gradient(to right, #c33e4b 0%, #c33e4b 50%,#c33e4b 100%);-webkit-transition: all .2s ease-in-out;transition: all .2s ease-in-out;background-size: 200% 100%;}<\/style><div class=\"vc_btn3-container vc_btn3-center vc_do_btn\" ><a data-vc-gradient-1=\"#c33e4b\" data-vc-gradient-2=\"#c33e4b\" class=\"vc_general vc_btn3 vc_btn3-size-md vc_btn3-shape-square vc_btn3-style-gradient-custom vc_btn3-block vc_btn-gradient-btn-69e115bf7953a\" href=\"https:\/\/www.millebuis.fr\/en\/oenotourisme\/les-balades\/\" title=\"Les balades\">Les balades<\/a><\/div><\/div><\/div><\/div><div class=\"wpb_column vc_column_container vc_col-sm-3\"><div class=\"vc_column-inner\"><div class=\"wpb_wrapper\"><style>.vc_btn3-style-gradient-custom.vc_btn-gradient-btn-69e115bf797dc:hover{color: #ffffff;background-color: #c33e4b;border: none;background-position: 100% 0;}<\/style><style>.vc_btn3-style-gradient-custom.vc_btn-gradient-btn-69e115bf797dc{color: #ffffff;border: none;background-color: #c33e4b;background-image: -webkit-linear-gradient(left, #c33e4b 0%, #c33e4b 50%,#c33e4b 100%);background-image: linear-gradient(to right, #c33e4b 0%, #c33e4b 50%,#c33e4b 100%);-webkit-transition: all .2s ease-in-out;transition: all .2s ease-in-out;background-size: 200% 100%;}<\/style><div class=\"vc_btn3-container vc_btn3-center vc_do_btn\" ><a data-vc-gradient-1=\"#c33e4b\" data-vc-gradient-2=\"#c33e4b\" class=\"vc_general vc_btn3 vc_btn3-size-md vc_btn3-shape-square vc_btn3-style-gradient-custom vc_btn3-block vc_btn-gradient-btn-69e115bf797dc\" href=\"https:\/\/www.millebuis.fr\/en\/oenotourisme\/le-carnet-et-la-carte-decouverte\/\" title=\"The adventure map\">Le carnet <br \/>et la carte d\u00e9couverte<\/a><\/div><\/div><\/div><\/div><\/div>\n<\/div>","protected":false},"excerpt":{"rendered":"\u0152NOTOURISME Visites et d\u00e9gustationApplication mobileLes baladesLe carnet et la carte d\u00e9couverte","protected":false},"author":1,"featured_media":0,"parent":0,"menu_order":0,"comment_status":"closed","ping_status":"closed","template":"","meta":{"footnotes":""},"class_list":["post-1076","page","type-page","status-publish","hentry"],"yoast_head":"<!-- This site is optimized with the Yoast SEO plugin v26.2 - https:\/\/yoast.com\/wordpress\/plugins\/seo\/ -->\n<title>\u0152notourisme - Millebuis<\/title>\n<meta name=\"description\" content=\"\u0152notourisme - Millebuis\" \/>\n<meta name=\"robots\" content=\"index, follow, max-snippet:-1, max-image-preview:large, max-video-preview:-1\" \/>\n<link rel=\"canonical\" href=\"https:\/\/www.millebuis.fr\/en\/oenotourisme\/\" \/>\n<meta property=\"og:locale\" content=\"en_GB\" \/>\n<meta property=\"og:type\" content=\"article\" \/>\n<meta property=\"og:title\" content=\"\u0152notourisme - Millebuis\" \/>\n<meta property=\"og:description\" content=\"\u0152notourisme - Millebuis\" \/>\n<meta property=\"og:url\" content=\"https:\/\/www.millebuis.fr\/en\/oenotourisme\/\" \/>\n<meta property=\"og:site_name\" content=\"Millebuis\" \/>\n<meta property=\"article:modified_time\" content=\"2021-05-31T12:46:27+00:00\" \/>\n<meta name=\"twitter:card\" content=\"summary_large_image\" \/>\n<meta name=\"twitter:label1\" content=\"Estimated reading time\" \/>\n\t<meta name=\"twitter:data1\" content=\"1 minute\" \/>\n<!-- \/ Yoast SEO plugin. -->","yoast_head_json":{"title":"\u0152notourisme - Millebuis","description":"\u0152notourisme - Millebuis","robots":{"index":"index","follow":"follow","max-snippet":"max-snippet:-1","max-image-preview":"max-image-preview:large","max-video-preview":"max-video-preview:-1"},"canonical":"https:\/\/www.millebuis.fr\/en\/oenotourisme\/","og_locale":"en_GB","og_type":"article","og_title":"\u0152notourisme - Millebuis","og_description":"\u0152notourisme - Millebuis","og_url":"https:\/\/www.millebuis.fr\/en\/oenotourisme\/","og_site_name":"Millebuis","article_modified_time":"2021-05-31T12:46:27+00:00","twitter_card":"summary_large_image","twitter_misc":{"Estimated reading time":"1 minute"},"schema":{"@context":"https:\/\/schema.org","@graph":[{"@type":"WebPage","@id":"https:\/\/www.millebuis.fr\/oenotourisme\/","url":"https:\/\/www.millebuis.fr\/oenotourisme\/","name":"\u0152notourisme - Millebuis","isPartOf":{"@id":"https:\/\/www.millebuis.fr\/en\/#website"},"datePublished":"2021-05-17T08:17:59+00:00","dateModified":"2021-05-31T12:46:27+00:00","description":"\u0152notourisme - Millebuis","breadcrumb":{"@id":"https:\/\/www.millebuis.fr\/oenotourisme\/#breadcrumb"},"inLanguage":"en-GB","potentialAction":[{"@type":"ReadAction","target":["https:\/\/www.millebuis.fr\/oenotourisme\/"]}]},{"@type":"BreadcrumbList","@id":"https:\/\/www.millebuis.fr\/oenotourisme\/#breadcrumb","itemListElement":[{"@type":"ListItem","position":1,"name":"Accueil","item":"https:\/\/www.millebuis.fr\/"},{"@type":"ListItem","position":2,"name":"\u0152notourisme"}]},{"@type":"WebSite","@id":"https:\/\/www.millebuis.fr\/en\/#website","url":"https:\/\/www.millebuis.fr\/en\/","name":"Millebuis","description":"Vins fins de la C\u00f4te Chalonnaise","inLanguage":"en-GB"}]}},"_links":{"self":[{"href":"https:\/\/www.millebuis.fr\/en\/wp-json\/wp\/v2\/pages\/1076","targetHints":{"allow":["GET"]}}],"collection":[{"href":"https:\/\/www.millebuis.fr\/en\/wp-json\/wp\/v2\/pages"}],"about":[{"href":"https:\/\/www.millebuis.fr\/en\/wp-json\/wp\/v2\/types\/page"}],"author":[{"embeddable":true,"href":"https:\/\/www.millebuis.fr\/en\/wp-json\/wp\/v2\/users\/1"}],"replies":[{"embeddable":true,"href":"https:\/\/www.millebuis.fr\/en\/wp-json\/wp\/v2\/comments?post=1076"}],"version-history":[{"count":7,"href":"https:\/\/www.millebuis.fr\/en\/wp-json\/wp\/v2\/pages\/1076\/revisions"}],"predecessor-version":[{"id":1239,"href":"https:\/\/www.millebuis.fr\/en\/wp-json\/wp\/v2\/pages\/1076\/revisions\/1239"}],"wp:attachment":[{"href":"https:\/\/www.millebuis.fr\/en\/wp-json\/wp\/v2\/media?parent=1076"}],"curies":[{"name":"wp","href":"https:\/\/api.w.org\/{rel}","templated":true}]}}