{"id":1836,"date":"2021-09-03T10:42:51","date_gmt":"2021-09-03T08:42:51","guid":{"rendered":"https:\/\/www.millebuis.fr\/?page_id=1836"},"modified":"2021-11-22T15:07:48","modified_gmt":"2021-11-22T14:07:48","slug":"mentions-legales","status":"publish","type":"page","link":"https:\/\/www.millebuis.fr\/en\/mentions-legales\/","title":{"rendered":"Legacy"},"content":{"rendered":"<div class=\"wpb-content-wrapper\"><div class=\"vc_row wpb_row vc_row-fluid\"><div class=\"wpb_column vc_column_container vc_col-sm-12\"><div class=\"vc_column-inner\"><div class=\"wpb_wrapper\"><h1 style=\"text-align: left\" class=\"vc_custom_heading vc_do_custom_heading\" >Legacy<\/h1>\n\t<div class=\"wpb_text_column wpb_content_element\" >\n\t\t<div class=\"wpb_wrapper\">\n\t\t\t<h2><strong style=\"font-size: 16px;\">\u00c9diteur du site :<\/strong><\/h2>\n<div class=\"container\">\n<div class=\"row clearfix\">\n<div class=\"col-md-12 column\">\n<p>La soci\u00e9t\u00e9 Coop\u00e9rative Agricole Cave des Vignerons de Buxy, au capital de 267 658 euros, immatricul\u00e9e au registre du commerce et des soci\u00e9t\u00e9s de Chalon-sur-Sa\u00f4ne sous le num\u00e9ro 778 554 881, dont le si\u00e8ge social est situ\u00e9 aux Vignes de la Croix \u2013 71390 Buxy, \u00e9dite le site internet http:\/\/boutique.millebuis.fr\/.<\/p>\n<p>Contact t\u00e9l\u00e9phone : 03 85 92 01 78.<\/p>\n<p><strong>Directeur de publication du site :<\/strong><br \/>\nLe directeur de la publication est R\u00e9mi Marlin, Directeur G\u00e9n\u00e9ral.<\/p>\n<p><strong>H\u00e9bergeur du site :<\/strong><br \/>\nLe site est h\u00e9berg\u00e9 par OVH, dont le si\u00e8ge social est situ\u00e9 2 rue Kellermann &#8211; 59100 Roubaix &#8211; France.<\/p>\n<p>Contact t\u00e9l\u00e9phone : 09 72 10 10 07.<\/p>\n<p><span style=\"text-decoration: underline;\"><strong>Conception du site :<br \/>\n<\/strong><\/span><br \/>\nmade in mouse\u00ae<br \/>\n<a href=\"http:\/\/www.madeinmouse.com\/\" target=\"_blank\" rel=\"noopener\">www.madeinmouse.com<\/a><\/p>\n<p><strong><span style=\"text-decoration: underline;\">Cr\u00e9dits photos &amp; vid\u00e9os :<\/span><br \/>\n<\/strong><br \/>\nAur\u00e9lien Ibanez<br \/>\n<a href=\"http:\/\/www.bourgogneliveprod.com\/\" target=\"_blank\" rel=\"noopener\">www.bourgogneliveprod.com<\/a><\/p>\n<p>Michel Joly<br \/>\n<a href=\"https:\/\/micheljoly.viewbook.com\" target=\"_blank\" rel=\"noopener\">micheljoly.viewbook.com<\/a><\/p>\n<p>Laure Villain<br \/>\n<a href=\"https:\/\/www.laurevillain.fr\" target=\"_blank\" rel=\"noopener\">www.laurevillain.fr<\/a><\/p>\n<p>Vincent Rougeau<br \/>\n<a href=\"http:\/\/www.vincentrougeau-studio.com\/\" target=\"_blank\" rel=\"noopener\">www.vincentrougeau-studio.com<\/a><\/p>\n<p>Bourgogne Live Prod<br \/>\n<a href=\"http:\/\/www.bourgogneliveprod.com\/\" target=\"_blank\" rel=\"noopener\">www.bourgogneliveprod.com<\/a><\/p>\n<p><strong>Utilisation du contenu du Site<\/strong><\/p>\n<p>Nous nous effor\u00e7ons de mettre \u00e0 jour le contenu du Site et de d\u00e9livrer aux utilisateurs des informations exactes. N\u00e9anmoins, l&rsquo;utilisateur sait que les transmissions de donn\u00e9es et d&rsquo;informations sur Internet ne b\u00e9n\u00e9ficient que d&rsquo;une fiabilit\u00e9 technique relative, celles-ci circulant sur des r\u00e9seaux de nature tr\u00e8s h\u00e9t\u00e9rog\u00e8ne. D\u00e8s lors, nous ne pouvons garantir l&rsquo;exactitude des donn\u00e9es figurant sur le Site. Toute erreur ou omission devra \u00eatre notifi\u00e9e sur notre page contact. Toute utilisation du Site non conforme \u00e0 son esprit original et toute violation des pr\u00e9sentes stipulations pourront donner lieu \u00e0 l&rsquo;application des peines p\u00e9nales et civiles pr\u00e9vues par la loi.<\/p>\n<p><strong>Acc\u00e8s au Site<\/strong><\/p>\n<p>Nous nous effor\u00e7ons de maintenir accessible le Site, sans pour autant \u00eatre tenue \u00e0 aucune obligation d&rsquo;y parvenir. Il est pr\u00e9cis\u00e9 qu&rsquo;\u00e0 des fins de maintenance, de mise \u00e0 jour, et pour toute autre raison notamment d&rsquo;ordre technique, l&rsquo;acc\u00e8s au Site pourra \u00eatre interrompu. Nous ne sommes en aucun cas responsables de ces interruptions et des cons\u00e9quences qui peuvent en d\u00e9couler pour l&rsquo;utilisateur.<\/p>\n<p><strong>Liens hypertextes mis en place sur le Site<\/strong><\/p>\n<p>Les liens hypertextes mis en place sur le Site peuvent conduire l&rsquo;utilisateur sur les sites Internet de diff\u00e9rents partenaires. Il est pr\u00e9cis\u00e9 que nous n&rsquo;avons pas v\u00e9rifi\u00e9 tous les sites \u00e9ventuellement reli\u00e9s au notre, leur contenu et les informations qui y sont pr\u00e9sentes, et d\u00e9cline par cons\u00e9quent toute responsabilit\u00e9 sur le contenu de ces sites et sur l&rsquo;utilisation qui en est faite par l&rsquo;utilisateur. Le recours \u00e0 ces sites par l&rsquo;utilisateur rel\u00e8ve de la seule responsabilit\u00e9 de ce dernier et nous invitons l&rsquo;utilisateur \u00e0 consulter les mentions l\u00e9gales de ces sites. Nous indiquons \u00e9galement \u00e0 l&rsquo;utilisateur que s&rsquo;il pense ne plus \u00eatre sur le site de Millebuis, il peut y acc\u00e9der \u00e0 tout moment en cliquant sur la fl\u00e8che \u00ab\u00a0retour\u00a0\u00bb ou en appelant \u00e0 nouveau l&rsquo;adresse du site de Millebuis.<\/p>\n<p><strong>Droits de propri\u00e9t\u00e9 intellectuelle et industrielle<\/strong><\/p>\n<p>Nous attirons l&rsquo;attention de l&rsquo;utilisateur sur le fait que les r\u00e9f\u00e9rences aux produits, services et marques nous appartenant ne sont pas exhaustives de nos droits. L&rsquo;acc\u00e8s au site ne conf\u00e8re aucun droit autre que celui d&rsquo;en visiter le contenu. La mise en ligne du pr\u00e9sent Site n&#8217;emporte pas licence d&rsquo;utilisation des marques, une telle utilisation \u00e9tant subordonn\u00e9e au consentement \u00e9crit, pr\u00e9alable et expr\u00e8s du propri\u00e9taire des marques.<\/p>\n<p>Tous les \u00e9l\u00e9ments du pr\u00e9sent Site (textes, photographies, illustrations, logos, ic\u00f4nes, fichiers disponibles en t\u00e9l\u00e9chargement, clips vid\u00e9os ou sonores\u2026) sont la propri\u00e9t\u00e9 exclusive de la Cave des Vignerons de Buxy. Ces \u00e9l\u00e9ments sont prot\u00e9g\u00e9s par les lois fran\u00e7aises et les textes internationaux relatifs au respect des droits d&rsquo;auteur, copyright, dessins et mod\u00e8les et brevets. La reproduction et\/ou la repr\u00e9sentation de ces \u00e9l\u00e9ments n&rsquo;est autoris\u00e9e qu&rsquo;\u00e0 des fins d&rsquo;information pour un usage strictement personnel et priv\u00e9. Est notamment interdite la pr\u00e9sentation d&rsquo;une des pages du pr\u00e9sent site dans une page web n&rsquo;appartenant pas \u00e0 la Cave des Vignerons de Buxy. De m\u00eame, la mise en place de liens hypertextes vers toute autre page que la page d&rsquo;accueil du pr\u00e9sent site n\u00e9cessite l&rsquo;accord \u00e9crit, pr\u00e9alable et expr\u00e8s de la Cave des Vignerons de Buxy. Toute utilisation des \u00e9l\u00e9ments du pr\u00e9sent site \u00e0 des fins diff\u00e9rentes, notamment \u00e0 des fins publiques, commerciales ou humoristiques, fera l&rsquo;objet de poursuites judiciaires en France comme \u00e0 l&rsquo;\u00e9tranger.<\/p>\n<p>Toute reproduction ou repr\u00e9sentation m\u00eame partielle par quelque proc\u00e9d\u00e9 que ce soit, r\u00e9alis\u00e9e sans le consentement \u00e9crit, pr\u00e9alable et expr\u00e8s de la Cave des Vignerons de Buxy est interdite et illicite. Le non-respect de cette interdiction constitue une contrefa\u00e7on pouvant engager la responsabilit\u00e9 civile et p\u00e9nale du contrefacteur.<\/p>\n<p><strong>Copyright<\/strong><\/p>\n<p>Tous droits r\u00e9serv\u00e9s \u00a9 Cave des Vignerons de Buxy. Toutes les pages du site de Millebuis sont prot\u00e9g\u00e9es au titre du droit d&rsquo;auteur \u00a9. Les droits r\u00e9serv\u00e9s comprennent notamment les droits de reproduction, de repr\u00e9sentation, d&rsquo;adaptation et de diffusion.<\/p>\n<p><strong>Donn\u00e9es personnelles<\/strong><\/p>\n<p>Nous nous r\u00e9jouissons de votre visite sur notre site web ainsi que de votre int\u00e9r\u00eat envers notre soci\u00e9t\u00e9 et nos produits. Nous prenons la protection de vos donn\u00e9es priv\u00e9es au s\u00e9rieux et souhaitons que vous vous sentiez en pleine s\u00e9curit\u00e9 quand vous visitez notre site. La protection de votre sph\u00e8re priv\u00e9e lors du traitement des donn\u00e9es personnelles est une pr\u00e9occupation importante dont nous tenons compte dans nos processus d&rsquo;affaires. Nous traitons les donn\u00e9es personnelles recueillies lors de la visite de nos pages web d&rsquo;apr\u00e8s les dispositions l\u00e9gales relatives \u00e0 la protection des donn\u00e9es du pays dans lequel les donn\u00e9es sont g\u00e9r\u00e9es. Nous respectons votre sph\u00e8re priv\u00e9e.<\/p>\n<p><strong>Recueil et traitement de donn\u00e9es personnelles<\/strong><\/p>\n<p>Lorsque vous visitez notre site web, nos serveurs m\u00e9morisent de fa\u00e7on standardis\u00e9e le nom de votre fournisseur d&rsquo;acc\u00e8s internet, la page web \u00e0 partir de laquelle vous nous visitez, les diff\u00e9rentes pages que vous consultez sur notre site ainsi que la date et la dur\u00e9e de votre visite. Par ailleurs, les donn\u00e9es personnelles ne sont m\u00e9moris\u00e9es que si vous nous les communiquez de votre plein gr\u00e9, par exemple \u00e0 l&rsquo;occasion d&rsquo;un enregistrement, d&rsquo;un sondage, d&rsquo;une candidature, d&rsquo;un jeu prim\u00e9, d&rsquo;un concours ou pour l&rsquo;ex\u00e9cution d&rsquo;un contrat.<\/p>\n<p><strong>Utilisation et transmission de donn\u00e9es personnelles, lien fonctionnel<\/strong><\/p>\n<p>Nous utilisons vos donn\u00e9es personnelles \u00e0 des fins d&rsquo;administration technique des pages web, pour la gestion des clients, pour d&rsquo;\u00e9ventuels sondages relatifs \u00e0 des produits et pour le marketing, et ceci uniquement dans la mesure o\u00f9 ces donn\u00e9es sont n\u00e9cessaires \u00e0 ces actions. Le recueil ou la transmission de donn\u00e9es personnelles \u00e0 des instances ou des administrations de l&rsquo;Etat se fait uniquement dans le cadre des prescriptions l\u00e9gales nationales \u00e0 caract\u00e8re obligatoire. Nos collaborateurs, agents et concessionnaires sont tenus au secret professionnel et s&rsquo;obligent \u00e0 respecter notre code d\u00e9ontologique.<\/p>\n<p><strong>Possibilit\u00e9 de choix<\/strong><\/p>\n<p>Nous souhaitons utiliser vos donn\u00e9es pour pouvoir vous informer sur nos produits et prestations de service et, le cas \u00e9ch\u00e9ant, pour pouvoir vous interroger \u00e0 ce sujet. Il va de soi que la participation \u00e0 ces actions est volontaire. Si vous deviez ne pas \u00eatre d&rsquo;accord sur ce point, vous pouvez nous signifier votre d\u00e9saccord par voie de courrier postal afin que nous puissions bloquer ces donn\u00e9es en cons\u00e9quence.<\/p>\n<p><strong>Droit \u00e0 l&rsquo;information<\/strong><\/p>\n<p>Sur demande de votre part, nous vous communiquerons par \u00e9crit (et imm\u00e9diatement si possible), conform\u00e9ment au droit en vigueur, si des renseignements personnels vous concernant sont m\u00e9moris\u00e9s chez nous et, dans l&rsquo;affirmative, quels sont ces renseignements. Si, malgr\u00e9 nos efforts relatifs \u00e0 l&rsquo;exactitude des donn\u00e9es et \u00e0 leur actualit\u00e9, des informations erron\u00e9es \u00e9taient m\u00e9moris\u00e9es, nous les corrigerions sur demande de votre part.<\/p>\n<p><strong>S\u00e9curit\u00e9<\/strong><\/p>\n<p>Nous mettons en \u0153uvre des mesures de s\u00e9curit\u00e9 techniques et organisationnelles afin de prot\u00e9ger les donn\u00e9es que nous g\u00e9rons contre des manipulations fortuites ou intentionnelles, contre la perte ou la destruction des donn\u00e9es, ou encore contre l&rsquo;acc\u00e8s \u00e0 ces derni\u00e8res par des personnes non autoris\u00e9es. Nos mesures de s\u00e9curit\u00e9 sont constamment am\u00e9lior\u00e9es en fonction de l&rsquo;\u00e9volution technologique. Si vous avez des questions relatives au traitement de vos donn\u00e9es personnelles, vous pouvez vous adresser \u00e0 notre Responsable Protection des Donn\u00e9es qui est \u00e0 votre disposition pour toute demande d&rsquo;information, suggestion ou r\u00e9clamation sur notre e-mail contact.<\/p>\n<p><strong>Distribution des produits<\/strong><\/p>\n<p>La pr\u00e9sentation des produits ne constitue pas une offre de vente et ne signifie pas non plus que les produits sont disponibles dans tous les pays.<\/p>\n<p><strong>Responsabilit\u00e9<\/strong><\/p>\n<p>Il est interdit d&rsquo;utiliser le Site ou les Services de communication pour transmettre des cha\u00eenes de lettres, des \u00ab\u00a0junk mail\u00a0\u00bb, du \u00ab\u00a0spam\u00a0\u00bb ou tout message r\u00e9p\u00e9titif ou non sollicit\u00e9 (commercial ou autre) ; pour recueillir ou collecter, de quelque fa\u00e7on que ce soit, des informations concernant des tiers, notamment des adresses e-mail, sans le consentement des tiers concern\u00e9s ; de cr\u00e9er ou d&rsquo;exploiter de fausses identit\u00e9s, de falsifier une adresse e-mail ou un en-t\u00eate, ou d&rsquo;essayer d&rsquo;induire en erreur des tiers de quelque fa\u00e7on que ce soit quant \u00e0 l&rsquo;identit\u00e9 de l&rsquo;exp\u00e9diteur ou \u00e0 l&rsquo;origine du message ; de transmettre tout contenu inappropri\u00e9 tel que d\u00e9fini ci-dessous ; de transmettre tout \u00e9l\u00e9ment contenant des virus ou tout \u00e9l\u00e9ment dommageable ou nuisible au Site ou aux tiers ou encore en contravention de la loi; d&rsquo;essayer d&rsquo;acc\u00e9der de mani\u00e8re non autoris\u00e9e aux services offerts, \u00e0 d&rsquo;autres comptes, syst\u00e8mes informatiques ou r\u00e9seaux connect\u00e9s au service du Site, par l&rsquo;usage de diff\u00e9rents mots de passe ou par tout autre moyen ; ou d&rsquo;interf\u00e9rer avec l&rsquo;utilisation et la jouissance du service par tout autre Utilisateur ou avec l&rsquo;utilisation et la jouissance de services similaires par le biais d&rsquo;une autre entit\u00e9. Le Contenu Inappropri\u00e9 comprend tous langages, commentaires, remarques et images consid\u00e9r\u00e9s par la soci\u00e9t\u00e9 comme \u00e9tant obsc\u00e8nes, trompeurs, illicites, racistes, diffamatoires ou constitutifs de harc\u00e8lement, violant les droits de tiers ou restreignant et\/ou emp\u00eachant l&rsquo;utilisation par d&rsquo;autres Utilisateurs des forums ou des salons de discussion accessibles via le Site.<\/p>\n<p><strong>Responsabilit\u00e9, limitation de responsabilit\u00e9<\/strong><\/p>\n<p>L&rsquo;utilisation du Site, de ses services et de tout \u00e9l\u00e9ment ou information obtenue via celui-ci, rel\u00e8ve de la responsabilit\u00e9 exclusive de l&rsquo;utilisateur. Nous ne fournissons \u00e0 l&rsquo;utilisateur aucune garantie d&rsquo;aucune sorte, expresse ou implicite, quant \u00e0 la qualit\u00e9 des services du Site ou de leur qualit\u00e9 marchande, la conformit\u00e9 du service ou du r\u00e9sultat recherch\u00e9 aux attentes de l&rsquo;Utilisateur, et d\u00e9gage toute responsabilit\u00e9 quant aux \u00e9ventuelles contestations, action ou recours de tiers qui viendraient \u00e0 se pr\u00e9valoir de droits, notamment privatifs, sur tout contenu non cr\u00e9e par la soci\u00e9t\u00e9 la Cave des Vignerons de Buxy. Par ailleurs, nous ne pourrons \u00eatre tenus responsables du manque de performances du Site et\/ou de(s) logiciel(s) employ\u00e9(s) ou t\u00e9l\u00e9charg\u00e9(s) \u00e0 partir du Site ; de la perte de donn\u00e9es ou de services r\u00e9sultant de la non tenue de d\u00e9lais, de la modification, de la suspension ou de l&rsquo;interruption de ses services ; de l&rsquo;exactitude, de la qualit\u00e9 ou de la nature des informations obtenues par le biais de ses services ; ni des cons\u00e9quences d\u00e9coulant directement ou indirectement de la transmission de virus par le biais de ses serveurs. Nous ne pourrons \u00e9galement \u00eatre tenus responsables de tout dommage direct ou indirect, y compris notamment les pertes de profits, de client\u00e8le, de donn\u00e9es, toute perte de biens incorporels, manque \u00e0 gagner ou toute autre perte ou dommage pouvant survenir de l&rsquo;utilisation ou au contraire de l&rsquo;impossibilit\u00e9 d&rsquo;acc\u00e9der au Site, suite \u00e0 une utilisation fautive de l&rsquo;utilisateur, mais pourra voir sa responsabilit\u00e9 recherch\u00e9e en cas de d\u00e9c\u00e8s ou de blessures.<\/p>\n<p>En ce qui concerne le contenu personnel fourni par les utilisateurs, nous d\u00e9clinons toute responsabilit\u00e9 relativement \u00e0 la pr\u00e9sence d&rsquo;un tel contenu sur les salons de discussion ou sur tout autre service de discussion. Un tel contenu, qu&rsquo;il s&rsquo;agisse d&rsquo;opinions, de d\u00e9clarations, de recommandations ou de points de vue, v\u00e9hicule uniquement les opinions, d\u00e9clarations, recommandations et points de vue des utilisateurs et en aucun cas ceux de la Cave des Vignerons de Buxy.<\/p>\n<p>Le Site peut contenir des liens vers d&rsquo;autres sites non g\u00e9r\u00e9s et\/ou \u00e9dit\u00e9s par la soci\u00e9t\u00e9 La Cave des Vignerons de Buxy. Nous ne contr\u00f4lons en aucune mani\u00e8re les informations, produits ou services propos\u00e9s par ces autres sites et ne peut en AUCUN CAS \u00eatre tenue responsable du contenu de tels sites. Ainsi, les Utilisateurs peuvent acheter des biens et des services par l&rsquo;interm\u00e9diaire du Site, dont certains sont propos\u00e9s par des d\u00e9taillants tiers disposant d&rsquo;un lien sur le Site. Les Utilisateurs peuvent \u00e9galement \u00e9changer des correspondances ou participer aux promotions d&rsquo;annonceurs sur le Site. Nous ne cautionnons aucunement de tels tiers et de telles transactions, op\u00e9rations, correspondances ou participations aux promotions de tiers, notamment la livraison et le paiement de biens et de services, et toutes conditions, dispositions, garanties ou responsabilit\u00e9s li\u00e9es \u00e0 de telles transactions concernent exclusivement l&rsquo;Utilisateur et l&rsquo;annonceur tiers. Nous d\u00e9clinons toute forme de responsabilit\u00e9 au regard de toute transaction, op\u00e9ration, correspondance ou participation de cette nature.<\/p>\n<p>Vous vous engagez \u00e0 d\u00e9dommager la Cave des Vignerons de Buxy \u00e0 la garantir contre tout(e) action en responsabilit\u00e9, recours, pertes, co\u00fbts, manque \u00e0 gagner, perte de donn\u00e9es, et tout autre dommage direct et indirect d\u00e9coulant de la violation de votre part de l&rsquo;une quelconque des dispositions des pr\u00e9sentes Conditions G\u00e9n\u00e9rales.<\/p>\n<p>Les Conditions G\u00e9n\u00e9rales seront soumises et interpr\u00e9t\u00e9es conform\u00e9ment au Droit fran\u00e7ais. Tout litige non r\u00e9gl\u00e9 de mani\u00e8re transactionnelle sera port\u00e9 devant les tribunaux mat\u00e9riellement comp\u00e9tents. Dans l&rsquo;\u00e9ventualit\u00e9 ou l&rsquo;une quelconque des dispositions des Conditions G\u00e9n\u00e9rales serait d\u00e9clar\u00e9e nulle ou sans effet, une telle disposition devra \u00eatre interpr\u00e9t\u00e9e de mani\u00e8re \u00e0 refl\u00e9ter au mieux les intentions des parties et les dispositions restantes seront consid\u00e9r\u00e9es comme applicables de plein droit. La non application ou l&rsquo;absence de revendication de l&rsquo;application par la Cave des Vignerons de Buxy l&rsquo;une quelconque des dispositions des Conditions G\u00e9n\u00e9rales ou de l&rsquo;un quelconque droit ne saurait en aucun cas \u00eatre interpr\u00e9t\u00e9 comme une renonciation par la Cave des Vignerons de Buxy \u00e0 une telle disposition ou un tel droit, \u00e0 moins nous n&rsquo;en convenions autrement par \u00e9crit.<\/p>\n<p><strong>L&rsquo;abus d&rsquo;alcool est dangereux pour la sant\u00e9, \u00e0 consommer avec mod\u00e9ration.<\/strong><\/p>\n<\/div>\n<\/div>\n<\/div>\n\n\t\t<\/div>\n\t<\/div>\n<\/div><\/div><\/div><\/div>\n<\/div>","protected":false},"excerpt":{"rendered":"Mentions l\u00e9gales \u00c9diteur du site : La soci\u00e9t\u00e9 Coop\u00e9rative Agricole Cave des Vignerons de Buxy, au [...]","protected":false},"author":1,"featured_media":0,"parent":0,"menu_order":0,"comment_status":"closed","ping_status":"closed","template":"","meta":{"footnotes":""},"class_list":["post-1836","page","type-page","status-publish","hentry"],"yoast_head":"<!-- This site is optimized with the Yoast SEO plugin v26.2 - https:\/\/yoast.com\/wordpress\/plugins\/seo\/ -->\n<title>Mentions l\u00e9gales - Millebuis<\/title>\n<meta name=\"description\" content=\"Mentions l\u00e9gales - Millebuis\" \/>\n<meta name=\"robots\" content=\"index, follow, max-snippet:-1, max-image-preview:large, max-video-preview:-1\" \/>\n<link rel=\"canonical\" href=\"https:\/\/www.millebuis.fr\/en\/mentions-legales\/\" \/>\n<meta property=\"og:locale\" content=\"en_GB\" \/>\n<meta property=\"og:type\" content=\"article\" \/>\n<meta property=\"og:title\" content=\"Mentions l\u00e9gales - Millebuis\" \/>\n<meta property=\"og:description\" content=\"Mentions l\u00e9gales - Millebuis\" \/>\n<meta property=\"og:url\" content=\"https:\/\/www.millebuis.fr\/en\/mentions-legales\/\" \/>\n<meta property=\"og:site_name\" content=\"Millebuis\" \/>\n<meta property=\"article:modified_time\" content=\"2021-11-22T14:07:48+00:00\" \/>\n<meta name=\"twitter:card\" content=\"summary_large_image\" \/>\n<meta name=\"twitter:label1\" content=\"Estimated reading time\" \/>\n\t<meta name=\"twitter:data1\" content=\"10 minutes\" \/>\n<!-- \/ Yoast SEO plugin. -->","yoast_head_json":{"title":"Mentions l\u00e9gales - Millebuis","description":"Mentions l\u00e9gales - Millebuis","robots":{"index":"index","follow":"follow","max-snippet":"max-snippet:-1","max-image-preview":"max-image-preview:large","max-video-preview":"max-video-preview:-1"},"canonical":"https:\/\/www.millebuis.fr\/en\/mentions-legales\/","og_locale":"en_GB","og_type":"article","og_title":"Mentions l\u00e9gales - Millebuis","og_description":"Mentions l\u00e9gales - Millebuis","og_url":"https:\/\/www.millebuis.fr\/en\/mentions-legales\/","og_site_name":"Millebuis","article_modified_time":"2021-11-22T14:07:48+00:00","twitter_card":"summary_large_image","twitter_misc":{"Estimated reading time":"10 minutes"},"schema":{"@context":"https:\/\/schema.org","@graph":[{"@type":"WebPage","@id":"https:\/\/www.millebuis.fr\/mentions-legales\/","url":"https:\/\/www.millebuis.fr\/mentions-legales\/","name":"Mentions l\u00e9gales - Millebuis","isPartOf":{"@id":"https:\/\/www.millebuis.fr\/en\/#website"},"datePublished":"2021-09-03T08:42:51+00:00","dateModified":"2021-11-22T14:07:48+00:00","description":"Mentions l\u00e9gales - Millebuis","breadcrumb":{"@id":"https:\/\/www.millebuis.fr\/mentions-legales\/#breadcrumb"},"inLanguage":"en-GB","potentialAction":[{"@type":"ReadAction","target":["https:\/\/www.millebuis.fr\/mentions-legales\/"]}]},{"@type":"BreadcrumbList","@id":"https:\/\/www.millebuis.fr\/mentions-legales\/#breadcrumb","itemListElement":[{"@type":"ListItem","position":1,"name":"Accueil","item":"https:\/\/www.millebuis.fr\/"},{"@type":"ListItem","position":2,"name":"Mentions l\u00e9gales"}]},{"@type":"WebSite","@id":"https:\/\/www.millebuis.fr\/en\/#website","url":"https:\/\/www.millebuis.fr\/en\/","name":"Millebuis","description":"Vins fins de la C\u00f4te Chalonnaise","inLanguage":"en-GB"}]}},"_links":{"self":[{"href":"https:\/\/www.millebuis.fr\/en\/wp-json\/wp\/v2\/pages\/1836","targetHints":{"allow":["GET"]}}],"collection":[{"href":"https:\/\/www.millebuis.fr\/en\/wp-json\/wp\/v2\/pages"}],"about":[{"href":"https:\/\/www.millebuis.fr\/en\/wp-json\/wp\/v2\/types\/page"}],"author":[{"embeddable":true,"href":"https:\/\/www.millebuis.fr\/en\/wp-json\/wp\/v2\/users\/1"}],"replies":[{"embeddable":true,"href":"https:\/\/www.millebuis.fr\/en\/wp-json\/wp\/v2\/comments?post=1836"}],"version-history":[{"count":6,"href":"https:\/\/www.millebuis.fr\/en\/wp-json\/wp\/v2\/pages\/1836\/revisions"}],"predecessor-version":[{"id":2125,"href":"https:\/\/www.millebuis.fr\/en\/wp-json\/wp\/v2\/pages\/1836\/revisions\/2125"}],"wp:attachment":[{"href":"https:\/\/www.millebuis.fr\/en\/wp-json\/wp\/v2\/media?parent=1836"}],"curies":[{"name":"wp","href":"https:\/\/api.w.org\/{rel}","templated":true}]}}