{"id":75,"date":"2021-03-11T14:37:42","date_gmt":"2021-03-11T13:37:42","guid":{"rendered":"https:\/\/www.millebuis.fr\/?page_id=75"},"modified":"2021-05-31T13:13:18","modified_gmt":"2021-05-31T11:13:18","slug":"les-cartes-des-aop","status":"publish","type":"page","link":"https:\/\/www.millebuis.fr\/en\/cote-chalonnaise\/les-cartes-des-aop\/","title":{"rendered":"The maps"},"content":{"rendered":"<div class=\"wpb-content-wrapper\"><div class=\"vc_row wpb_row vc_row-fluid\"><div class=\"wpb_column vc_column_container vc_col-sm-12\"><div class=\"vc_column-inner\"><div class=\"wpb_wrapper\"><h1 style=\"text-align: left\" class=\"vc_custom_heading vc_do_custom_heading\" >THE MAPS<\/h1><\/div><\/div><\/div><\/div><div class=\"vc_row wpb_row vc_row-fluid\"><div class=\"wpb_column vc_column_container vc_col-sm-6\"><div class=\"vc_column-inner\"><div class=\"wpb_wrapper\">\n\t<div  class=\"wpb_single_image wpb_content_element vc_align_left wpb_content_element\">\n\t\t\n\t\t<figure class=\"wpb_wrapper vc_figure\">\n\t\t\t<div class=\"vc_single_image-wrapper   vc_box_border_grey\"><img loading=\"lazy\" decoding=\"async\" width=\"1200\" height=\"2285\" src=\"https:\/\/www.millebuis.fr\/wp-content\/uploads\/2021\/03\/la_bourgogne_viticole_180221_v.jpeg\" class=\"vc_single_image-img attachment-full\" alt=\"\" title=\"la_bourgogne_viticole_180221_v\" srcset=\"https:\/\/www.millebuis.fr\/wp-content\/uploads\/2021\/03\/la_bourgogne_viticole_180221_v.jpeg 1200w, https:\/\/www.millebuis.fr\/wp-content\/uploads\/2021\/03\/la_bourgogne_viticole_180221_v-158x300.jpeg 158w, https:\/\/www.millebuis.fr\/wp-content\/uploads\/2021\/03\/la_bourgogne_viticole_180221_v-538x1024.jpeg 538w, https:\/\/www.millebuis.fr\/wp-content\/uploads\/2021\/03\/la_bourgogne_viticole_180221_v-768x1462.jpeg 768w, https:\/\/www.millebuis.fr\/wp-content\/uploads\/2021\/03\/la_bourgogne_viticole_180221_v-807x1536.jpeg 807w, https:\/\/www.millebuis.fr\/wp-content\/uploads\/2021\/03\/la_bourgogne_viticole_180221_v-1076x2048.jpeg 1076w\" sizes=\"auto, (max-width: 1200px) 100vw, 1200px\" \/><\/div>\n\t\t<\/figure>\n\t<\/div>\n<\/div><\/div><\/div><div class=\"wpb_column vc_column_container vc_col-sm-6\"><div class=\"vc_column-inner\"><div class=\"wpb_wrapper\">\n\t<div  class=\"wpb_single_image wpb_content_element vc_align_left wpb_content_element\">\n\t\t\n\t\t<figure class=\"wpb_wrapper vc_figure\">\n\t\t\t<div class=\"vc_single_image-wrapper   vc_box_border_grey\"><img loading=\"lazy\" decoding=\"async\" width=\"1200\" height=\"2283\" src=\"https:\/\/www.millebuis.fr\/wp-content\/uploads\/2021\/03\/Millebuis_carte_la_cote_chalonnaise.jpeg\" class=\"vc_single_image-img attachment-full\" alt=\"\" title=\"Millebuis_carte_la_cote_chalonnaise\" srcset=\"https:\/\/www.millebuis.fr\/wp-content\/uploads\/2021\/03\/Millebuis_carte_la_cote_chalonnaise.jpeg 1200w, https:\/\/www.millebuis.fr\/wp-content\/uploads\/2021\/03\/Millebuis_carte_la_cote_chalonnaise-158x300.jpeg 158w, https:\/\/www.millebuis.fr\/wp-content\/uploads\/2021\/03\/Millebuis_carte_la_cote_chalonnaise-538x1024.jpeg 538w, https:\/\/www.millebuis.fr\/wp-content\/uploads\/2021\/03\/Millebuis_carte_la_cote_chalonnaise-768x1461.jpeg 768w, https:\/\/www.millebuis.fr\/wp-content\/uploads\/2021\/03\/Millebuis_carte_la_cote_chalonnaise-807x1536.jpeg 807w, https:\/\/www.millebuis.fr\/wp-content\/uploads\/2021\/03\/Millebuis_carte_la_cote_chalonnaise-1076x2048.jpeg 1076w\" sizes=\"auto, (max-width: 1200px) 100vw, 1200px\" \/><\/div>\n\t\t<\/figure>\n\t<\/div>\n<\/div><\/div><\/div><\/div><div class=\"vc_row wpb_row vc_row-fluid\"><div class=\"wpb_column vc_column_container vc_col-sm-6\"><div class=\"vc_column-inner\"><div class=\"wpb_wrapper\">\n\t<div  class=\"wpb_single_image wpb_content_element vc_align_left wpb_content_element\">\n\t\t\n\t\t<figure class=\"wpb_wrapper vc_figure\">\n\t\t\t<div class=\"vc_single_image-wrapper   vc_box_border_grey\"><img loading=\"lazy\" decoding=\"async\" width=\"1200\" height=\"1927\" src=\"https:\/\/www.millebuis.fr\/wp-content\/uploads\/2021\/03\/Millebuis_carte_Montagny-les-Buxy_171013.jpeg\" class=\"vc_single_image-img attachment-full\" alt=\"\" title=\"49 Montagny-les-Buxy_171013\" srcset=\"https:\/\/www.millebuis.fr\/wp-content\/uploads\/2021\/03\/Millebuis_carte_Montagny-les-Buxy_171013.jpeg 1200w, https:\/\/www.millebuis.fr\/wp-content\/uploads\/2021\/03\/Millebuis_carte_Montagny-les-Buxy_171013-187x300.jpeg 187w, https:\/\/www.millebuis.fr\/wp-content\/uploads\/2021\/03\/Millebuis_carte_Montagny-les-Buxy_171013-638x1024.jpeg 638w, https:\/\/www.millebuis.fr\/wp-content\/uploads\/2021\/03\/Millebuis_carte_Montagny-les-Buxy_171013-768x1233.jpeg 768w, https:\/\/www.millebuis.fr\/wp-content\/uploads\/2021\/03\/Millebuis_carte_Montagny-les-Buxy_171013-957x1536.jpeg 957w\" sizes=\"auto, (max-width: 1200px) 100vw, 1200px\" \/><\/div>\n\t\t<\/figure>\n\t<\/div>\n<\/div><\/div><\/div><div class=\"wpb_column vc_column_container vc_col-sm-6\"><div class=\"vc_column-inner\"><div class=\"wpb_wrapper\">\n\t<div  class=\"wpb_single_image wpb_content_element vc_align_left wpb_content_element\">\n\t\t\n\t\t<figure class=\"wpb_wrapper vc_figure\">\n\t\t\t<div class=\"vc_single_image-wrapper   vc_box_border_grey\"><img loading=\"lazy\" decoding=\"async\" width=\"1200\" height=\"1927\" src=\"https:\/\/www.millebuis.fr\/wp-content\/uploads\/2021\/03\/Millebuis_carte_Rully.jpeg\" class=\"vc_single_image-img attachment-full\" alt=\"\" title=\"Millebuis_carte_Rully\" srcset=\"https:\/\/www.millebuis.fr\/wp-content\/uploads\/2021\/03\/Millebuis_carte_Rully.jpeg 1200w, https:\/\/www.millebuis.fr\/wp-content\/uploads\/2021\/03\/Millebuis_carte_Rully-187x300.jpeg 187w, https:\/\/www.millebuis.fr\/wp-content\/uploads\/2021\/03\/Millebuis_carte_Rully-638x1024.jpeg 638w, https:\/\/www.millebuis.fr\/wp-content\/uploads\/2021\/03\/Millebuis_carte_Rully-768x1233.jpeg 768w, https:\/\/www.millebuis.fr\/wp-content\/uploads\/2021\/03\/Millebuis_carte_Rully-957x1536.jpeg 957w\" sizes=\"auto, (max-width: 1200px) 100vw, 1200px\" \/><\/div>\n\t\t<\/figure>\n\t<\/div>\n<\/div><\/div><\/div><\/div><div class=\"vc_row wpb_row vc_row-fluid\"><div class=\"wpb_column vc_column_container vc_col-sm-6\"><div class=\"vc_column-inner\"><div class=\"wpb_wrapper\">\n\t<div  class=\"wpb_single_image wpb_content_element vc_align_left wpb_content_element\">\n\t\t\n\t\t<figure class=\"wpb_wrapper vc_figure\">\n\t\t\t<div class=\"vc_single_image-wrapper   vc_box_border_grey\"><img loading=\"lazy\" decoding=\"async\" width=\"1200\" height=\"1926\" src=\"https:\/\/www.millebuis.fr\/wp-content\/uploads\/2021\/03\/Millebuis_carte_Givry.jpeg\" class=\"vc_single_image-img attachment-full\" alt=\"\" title=\"Millebuis_carte_Givry\" srcset=\"https:\/\/www.millebuis.fr\/wp-content\/uploads\/2021\/03\/Millebuis_carte_Givry.jpeg 1200w, https:\/\/www.millebuis.fr\/wp-content\/uploads\/2021\/03\/Millebuis_carte_Givry-187x300.jpeg 187w, https:\/\/www.millebuis.fr\/wp-content\/uploads\/2021\/03\/Millebuis_carte_Givry-638x1024.jpeg 638w, https:\/\/www.millebuis.fr\/wp-content\/uploads\/2021\/03\/Millebuis_carte_Givry-768x1233.jpeg 768w, https:\/\/www.millebuis.fr\/wp-content\/uploads\/2021\/03\/Millebuis_carte_Givry-957x1536.jpeg 957w\" sizes=\"auto, (max-width: 1200px) 100vw, 1200px\" \/><\/div>\n\t\t<\/figure>\n\t<\/div>\n<\/div><\/div><\/div><div class=\"wpb_column vc_column_container vc_col-sm-6\"><div class=\"vc_column-inner\"><div class=\"wpb_wrapper\">\n\t<div  class=\"wpb_single_image wpb_content_element vc_align_left wpb_content_element\">\n\t\t\n\t\t<figure class=\"wpb_wrapper vc_figure\">\n\t\t\t<div class=\"vc_single_image-wrapper   vc_box_border_grey\"><img loading=\"lazy\" decoding=\"async\" width=\"1200\" height=\"1928\" src=\"https:\/\/www.millebuis.fr\/wp-content\/uploads\/2021\/03\/Millebuis_carte_Mercurey.jpeg\" class=\"vc_single_image-img attachment-full\" alt=\"\" title=\"Millebuis_carte_Mercurey\" srcset=\"https:\/\/www.millebuis.fr\/wp-content\/uploads\/2021\/03\/Millebuis_carte_Mercurey.jpeg 1200w, https:\/\/www.millebuis.fr\/wp-content\/uploads\/2021\/03\/Millebuis_carte_Mercurey-187x300.jpeg 187w, https:\/\/www.millebuis.fr\/wp-content\/uploads\/2021\/03\/Millebuis_carte_Mercurey-637x1024.jpeg 637w, https:\/\/www.millebuis.fr\/wp-content\/uploads\/2021\/03\/Millebuis_carte_Mercurey-768x1234.jpeg 768w, https:\/\/www.millebuis.fr\/wp-content\/uploads\/2021\/03\/Millebuis_carte_Mercurey-956x1536.jpeg 956w\" sizes=\"auto, (max-width: 1200px) 100vw, 1200px\" \/><\/div>\n\t\t<\/figure>\n\t<\/div>\n<\/div><\/div><\/div><\/div><div class=\"vc_row wpb_row vc_row-fluid\"><div class=\"wpb_column vc_column_container vc_col-sm-12\"><div class=\"vc_column-inner\"><div class=\"wpb_wrapper\"><div class=\"vc_empty_space\"   style=\"height: 32px\"><span class=\"vc_empty_space_inner\"><\/span><\/div><div class=\"vc_separator wpb_content_element vc_separator_align_center vc_sep_width_100 vc_sep_pos_align_center vc_separator_no_text vc_sep_color_grey wpb_content_element  wpb_content_element\" ><span class=\"vc_sep_holder vc_sep_holder_l\"><span class=\"vc_sep_line\"><\/span><\/span><span class=\"vc_sep_holder vc_sep_holder_r\"><span class=\"vc_sep_line\"><\/span><\/span>\n<\/div>\n\t<div class=\"wpb_text_column wpb_content_element content-seo\" >\n\t\t<div class=\"wpb_wrapper\">\n\t\t\t<p>The C\u00f4te Chalonnaise is a collection of wine-growing regions within Burgundy that produces wines with a protected designation of origin (AOC). The AOC designation is gradually being replaced by AOP (Appellation d'Origine Prot\u00e9g\u00e9e). Discover the terroirs of Burgundy wines (including the M\u00e2connais) by tasting our finest white and red wines. While exploring the wine route, treat yourself to a wine tourism experience by visiting our cellars. Our winemakers will introduce you to the fruits of their vines, the different grape varieties of the C\u00f4te Chalonnaise: Chardonnay and Pinot Noir, among others. If possible, participate in the grape harvest and stroll through the vineyards (we can suggest numerous walks). Discover the stages of production of our great Burgundy wines. The destemming of the ripe, noble grape bunches, the vinification or fermentation of the grapes, and the aging in tanks or barrels of our white and red wines. Appellation d'Origine Contr\u00f4l\u00e9e (AOC or AOP) wines are available in our cellar in Buxy (Maison Millebuis), as well as in Saint-Gengoux-le-National. Our winemakers, specialists in vine cultivation, cultivate their vines in specific plots, on well-defined climats, thus offering, through tasting their wines, a very wide aromatic range, with notes of flowers, exotic fruits, dried fruits, citrus, and a pronounced minerality\u2014a characteristic linked to the influence of the limestone soils. Millebuis is a collection of wines, the flagship of the Buxy cooperative winery, offering a selection of elegant wines and grand cuv\u00e9es that pair particularly well with meats and cheeses. For an aperitif or as an accompaniment to foie gras, consider Cr\u00e9mant de Bourgogne, a sparkling white (or ros\u00e9) wine of great freshness that offers multiple aromas, with extremely fine bubbles.<\/p>\n\n\t\t<\/div>\n\t<\/div>\n<\/div><\/div><\/div><\/div>\n<\/div>","protected":false},"excerpt":{"rendered":"LES CARTES DES AOP La C\u00f4te Chalonnaise est un ensemble de terroirs viticoles, appartenant \u00e0 la [...]","protected":false},"author":1,"featured_media":0,"parent":71,"menu_order":0,"comment_status":"closed","ping_status":"closed","template":"","meta":{"footnotes":""},"class_list":["post-75","page","type-page","status-publish","hentry"],"yoast_head":"<!-- This site is optimized with the Yoast SEO plugin v26.2 - https:\/\/yoast.com\/wordpress\/plugins\/seo\/ -->\n<title>Les cartes des AOP<\/title>\n<meta name=\"description\" content=\"Pour en savoir plus sur la localisation de notre vignoble, retrouvez les cartes des AOP : la Bourgogne viticole, la C\u00f4te Chalonnaise, les AOC Montagny, Mercurey, Givry et Rully.\" \/>\n<meta name=\"robots\" content=\"index, follow, max-snippet:-1, max-image-preview:large, max-video-preview:-1\" \/>\n<link rel=\"canonical\" href=\"https:\/\/www.millebuis.fr\/en\/cote-chalonnaise\/les-cartes-des-aop\/\" \/>\n<meta property=\"og:locale\" content=\"en_GB\" \/>\n<meta property=\"og:type\" content=\"article\" \/>\n<meta property=\"og:title\" content=\"Les cartes des AOP\" \/>\n<meta property=\"og:description\" content=\"Pour en savoir plus sur la localisation de notre vignoble, retrouvez les cartes des AOP : la Bourgogne viticole, la C\u00f4te Chalonnaise, les AOC Montagny, Mercurey, Givry et Rully.\" \/>\n<meta property=\"og:url\" content=\"https:\/\/www.millebuis.fr\/en\/cote-chalonnaise\/les-cartes-des-aop\/\" \/>\n<meta property=\"og:site_name\" content=\"Millebuis\" \/>\n<meta property=\"article:modified_time\" content=\"2021-05-31T11:13:18+00:00\" \/>\n<meta name=\"twitter:card\" content=\"summary_large_image\" \/>\n<meta name=\"twitter:label1\" content=\"Estimated reading time\" \/>\n\t<meta name=\"twitter:data1\" content=\"2 minutes\" \/>\n<!-- \/ Yoast SEO plugin. -->","yoast_head_json":{"title":"The maps","description":"Pour en savoir plus sur la localisation de notre vignoble, retrouvez les cartes des AOP : la Bourgogne viticole, la C\u00f4te Chalonnaise, les AOC Montagny, Mercurey, Givry et Rully.","robots":{"index":"index","follow":"follow","max-snippet":"max-snippet:-1","max-image-preview":"max-image-preview:large","max-video-preview":"max-video-preview:-1"},"canonical":"https:\/\/www.millebuis.fr\/en\/cote-chalonnaise\/les-cartes-des-aop\/","og_locale":"en_GB","og_type":"article","og_title":"Les cartes des AOP","og_description":"Pour en savoir plus sur la localisation de notre vignoble, retrouvez les cartes des AOP : la Bourgogne viticole, la C\u00f4te Chalonnaise, les AOC Montagny, Mercurey, Givry et Rully.","og_url":"https:\/\/www.millebuis.fr\/en\/cote-chalonnaise\/les-cartes-des-aop\/","og_site_name":"Millebuis","article_modified_time":"2021-05-31T11:13:18+00:00","twitter_card":"summary_large_image","twitter_misc":{"Estimated reading time":"2 minutes"},"schema":{"@context":"https:\/\/schema.org","@graph":[{"@type":"WebPage","@id":"https:\/\/www.millebuis.fr\/cote-chalonnaise\/les-cartes-des-aop\/","url":"https:\/\/www.millebuis.fr\/cote-chalonnaise\/les-cartes-des-aop\/","name":"The maps","isPartOf":{"@id":"https:\/\/www.millebuis.fr\/en\/#website"},"datePublished":"2021-03-11T13:37:42+00:00","dateModified":"2021-05-31T11:13:18+00:00","description":"Pour en savoir plus sur la localisation de notre vignoble, retrouvez les cartes des AOP : la Bourgogne viticole, la C\u00f4te Chalonnaise, les AOC Montagny, Mercurey, Givry et Rully.","breadcrumb":{"@id":"https:\/\/www.millebuis.fr\/cote-chalonnaise\/les-cartes-des-aop\/#breadcrumb"},"inLanguage":"en-GB","potentialAction":[{"@type":"ReadAction","target":["https:\/\/www.millebuis.fr\/cote-chalonnaise\/les-cartes-des-aop\/"]}]},{"@type":"BreadcrumbList","@id":"https:\/\/www.millebuis.fr\/cote-chalonnaise\/les-cartes-des-aop\/#breadcrumb","itemListElement":[{"@type":"ListItem","position":1,"name":"Accueil","item":"https:\/\/www.millebuis.fr\/"},{"@type":"ListItem","position":2,"name":"C\u00f4te Chalonnaise","item":"https:\/\/www.millebuis.fr\/cote-chalonnaise\/"},{"@type":"ListItem","position":3,"name":"Les cartes des AOP"}]},{"@type":"WebSite","@id":"https:\/\/www.millebuis.fr\/en\/#website","url":"https:\/\/www.millebuis.fr\/en\/","name":"Millebuis","description":"Vins fins de la C\u00f4te Chalonnaise","inLanguage":"en-GB"}]}},"_links":{"self":[{"href":"https:\/\/www.millebuis.fr\/en\/wp-json\/wp\/v2\/pages\/75","targetHints":{"allow":["GET"]}}],"collection":[{"href":"https:\/\/www.millebuis.fr\/en\/wp-json\/wp\/v2\/pages"}],"about":[{"href":"https:\/\/www.millebuis.fr\/en\/wp-json\/wp\/v2\/types\/page"}],"author":[{"embeddable":true,"href":"https:\/\/www.millebuis.fr\/en\/wp-json\/wp\/v2\/users\/1"}],"replies":[{"embeddable":true,"href":"https:\/\/www.millebuis.fr\/en\/wp-json\/wp\/v2\/comments?post=75"}],"version-history":[{"count":5,"href":"https:\/\/www.millebuis.fr\/en\/wp-json\/wp\/v2\/pages\/75\/revisions"}],"predecessor-version":[{"id":1193,"href":"https:\/\/www.millebuis.fr\/en\/wp-json\/wp\/v2\/pages\/75\/revisions\/1193"}],"up":[{"embeddable":true,"href":"https:\/\/www.millebuis.fr\/en\/wp-json\/wp\/v2\/pages\/71"}],"wp:attachment":[{"href":"https:\/\/www.millebuis.fr\/en\/wp-json\/wp\/v2\/media?parent=75"}],"curies":[{"name":"wp","href":"https:\/\/api.w.org\/{rel}","templated":true}]}}